{"id":38,"date":"2014-11-17T12:58:13","date_gmt":"2014-11-17T10:58:13","guid":{"rendered":"http:\/\/problogs.de\/Christinas_Blog\/?page_id=38"},"modified":"2016-06-12T17:03:28","modified_gmt":"2016-06-12T16:03:28","slug":"galerie","status":"publish","type":"page","link":"https:\/\/problogs.de\/Christinas_Blog\/?page_id=38","title":{"rendered":"Fotos"},"content":{"rendered":"<p style=\"text-align: left;\"><em>Wenn ihr auf die Bilder klickt, dann k\u00f6nnt ihr die Fotos ganz sehen und euch durch die Fotos durchklicken.<\/em><\/p>\n<p style=\"text-align: left;\"><span style=\"text-decoration: underline;\"><strong>Aktuelle Fotos 2016<\/strong><\/span><\/p>\n<p style=\"text-align: left;\"><span style=\"text-decoration: underline;\">Meine neue Glatze (Juni 2016)<\/span><\/p>\n<div class=\"wp-menu-arrow\">\n<div class=\"wp-menu-arrow\">[supsystic-gallery id=6 position=center]<\/div>\n<\/div>\n<p style=\"text-align: left;\">\n<p style=\"text-align: left;\">\n<p style=\"text-align: left;\"><span style=\"text-decoration: underline;\">Undercut (April 2016)<\/span><\/p>\n<p style=\"text-align: left;\">Diese Seite habe ich ziemlich vernachl\u00e4ssigt und habe euch nie aktuelle Bilder von mir gezeigt. Nun m\u00f6chte ich das \u00e4ndern.<\/p>\n<p style=\"text-align: left;\">Die Fotos, die ich zuletzt gemacht habe, waren kurz vor der Transplantation. Ich dachte mir, wer in seinem Leben zwei mal die Haare verliert, der kann sich auch einen Spa\u00df damit erlauben und so habe ich mir einen Undercut schneiden lassen.<\/p>\n<p style=\"text-align: left;\">(Fotos anklicken, dann k\u00f6nnt ihr sie ganz sehen und euch durchklicken.)<\/p>\n<p style=\"text-align: left;\">[supsystic-gallery id=2 position=center]<\/p>\n<p style=\"text-align: left;\">Ja und wenn man schon mal so einen Undercut hat, dann muss man sich damit ja auch noch mal einen Spa\u00df erlauben!!!<\/p>\n<p style=\"text-align: left;\">[supsystic-gallery id=3 position=center]<\/p>\n<p style=\"text-align: left;\">So und nun habe ich wieder eine Glatze! Da wird es dann in Zukunft bestimmt auch mal Bilder von geben \ud83d\ude09 .<\/p>\n<p style=\"text-align: left;\"><strong><span style=\"text-decoration: underline;\">Alte Fotos von 2014 \/ 2015<\/span><\/strong><\/p>\n<p>Viele haben mich seit meiner Erkrankung \u00fcberhaupt noch gar nicht gesehen. Ich habe mich aber gar nicht so sehr ver\u00e4ndert und sehe ganz gesund aus. Die Haare sind weg, wachsen dann wieder nach und fallen auch wieder aus. Mal so, mal so.<\/p>\n<p>[supsystic-gallery id=4 position=center]<\/p>\n<p><a href=\"http:\/\/problogs.de\/Christinas_Blog\/wp-content\/uploads\/2015\/04\/DSC_0088-2-21.jpg\"><br \/>\n<\/a><a href=\"http:\/\/problogs.de\/Christinas_Blog\/wp-content\/uploads\/2014\/11\/DSC_9648_1.jpg\"><br \/>\n<\/a><\/p>\n<p>&nbsp;<\/p>\n<p>&nbsp;<\/p>\n<p><a href=\"http:\/\/problogs.de\/Christinas_Blog\/wp-content\/uploads\/2014\/11\/DSC_0088-2-2.jpg\"><br \/>\n<\/a> <a href=\"http:\/\/problogs.de\/Christinas_Blog\/wp-content\/uploads\/2014\/11\/DSC_0097-2.jpg\"><br \/>\n<\/a> <a href=\"http:\/\/problogs.de\/Christinas_Blog\/wp-content\/uploads\/2014\/11\/IMG-20150226-WA0003.jpg\"><br \/>\n<\/a> <a href=\"http:\/\/problogs.de\/Christinas_Blog\/wp-content\/uploads\/2014\/11\/DSC_9891.jpg\"><br \/>\n<\/a><\/p>\n","protected":false},"excerpt":{"rendered":"<p>Wenn ihr auf die Bilder klickt, dann k\u00f6nnt ihr die Fotos ganz sehen und euch durch die Fotos durchklicken. Aktuelle Fotos 2016 Meine neue Glatze (Juni 2016) [supsystic-gallery id=6 position=center] Undercut (April 2016) Diese Seite habe ich ziemlich vernachl\u00e4ssigt und habe euch nie aktuelle Bilder von mir gezeigt. Nun m\u00f6chte ich das \u00e4ndern. Die Fotos, &hellip; <a href=\"https:\/\/problogs.de\/Christinas_Blog\/?page_id=38\" class=\"more-link\"><span class=\"screen-reader-text\">Fotos<\/span> weiterlesen <span class=\"meta-nav\">&rarr;<\/span><\/a><\/p>\n","protected":false},"author":1,"featured_media":0,"parent":0,"menu_order":0,"comment_status":"open","ping_status":"open","template":"","meta":{"footnotes":""},"class_list":["post-38","page","type-page","status-publish","hentry"],"_links":{"self":[{"href":"https:\/\/problogs.de\/Christinas_Blog\/index.php?rest_route=\/wp\/v2\/pages\/38","targetHints":{"allow":["GET"]}}],"collection":[{"href":"https:\/\/problogs.de\/Christinas_Blog\/index.php?rest_route=\/wp\/v2\/pages"}],"about":[{"href":"https:\/\/problogs.de\/Christinas_Blog\/index.php?rest_route=\/wp\/v2\/types\/page"}],"author":[{"embeddable":true,"href":"https:\/\/problogs.de\/Christinas_Blog\/index.php?rest_route=\/wp\/v2\/users\/1"}],"replies":[{"embeddable":true,"href":"https:\/\/problogs.de\/Christinas_Blog\/index.php?rest_route=%2Fwp%2Fv2%2Fcomments&post=38"}],"version-history":[{"count":21,"href":"https:\/\/problogs.de\/Christinas_Blog\/index.php?rest_route=\/wp\/v2\/pages\/38\/revisions"}],"predecessor-version":[{"id":633,"href":"https:\/\/problogs.de\/Christinas_Blog\/index.php?rest_route=\/wp\/v2\/pages\/38\/revisions\/633"}],"wp:attachment":[{"href":"https:\/\/problogs.de\/Christinas_Blog\/index.php?rest_route=%2Fwp%2Fv2%2Fmedia&parent=38"}],"curies":[{"name":"wp","href":"https:\/\/api.w.org\/{rel}","templated":true}]}}