{"id":28,"date":"2014-11-17T12:25:55","date_gmt":"2014-11-17T10:25:55","guid":{"rendered":"http:\/\/problogs.de\/Christinas_Blog\/?page_id=28"},"modified":"2014-11-23T14:54:35","modified_gmt":"2014-11-23T12:54:35","slug":"links","status":"publish","type":"page","link":"https:\/\/problogs.de\/Christinas_Blog\/?page_id=28","title":{"rendered":"Links"},"content":{"rendered":"<p>Hier m\u00f6chte ich interessante Links zur Verf\u00fcgung stellen. Beispielsweise die Links der Brosch\u00fcren \u00fcber Leuk\u00e4mie.<\/p>\n<p>\u00dcber Anregungen anderer interessanter Seiten und Links w\u00fcrde ich mich freuen.<\/p>\n<h4><span style=\"color: #000000;\"><strong>Links der Info-Brosch\u00fcren<\/strong><\/span><\/h4>\n<ul>\n<li><a href=\"http:\/\/problogs.de\/Christinas_Blog\/wp-content\/uploads\/2014\/11\/DLH_335_Woerterbuch.pdf\">W\u00f6rterbuch<\/a><\/li>\n<li><a href=\"http:\/\/problogs.de\/Christinas_Blog\/wp-content\/uploads\/2014\/11\/AML_Broschuere.pdf\">AML-Brosch\u00fcre<\/a><\/li>\n<li><a href=\"http:\/\/problogs.de\/Christinas_Blog\/wp-content\/uploads\/2014\/11\/ALL-Broschre.pdf\">ALL-Broschre<\/a><\/li>\n<\/ul>\n<h4>\u00a0<span style=\"color: #000000;\"><strong>Link zum Kompetenznetzwerk Leuk\u00e4mie<\/strong><\/span><\/h4>\n<ul>\n<li><a href=\"http:\/\/www.kompetenznetz-leukaemie.de\/content\/home\/index_ger.html\">Kompetenznetzwerk Leuk\u00e4mie<\/a><\/li>\n<\/ul>\n<h4><span style=\"color: #000000;\">Links zu interessanten B\u00fcchern<\/span><\/h4>\n<p>Folgende Links habe ich nicht unbedingt selbst gelesen \ud83d\ude09<\/p>\n<ul>\n<li><a href=\"http:\/\/www.amazon.de\/Jung-Sch%C3%B6n-Krebs-Selbstbewusstsein-Krebserkrankung-ebook\/dp\/B00JAAU8S0\/ref=sr_1_fkmr1_1?ie=UTF8&amp;qid=1416663589&amp;sr=8-1-fkmr1&amp;keywords=jung+schick+krebs\">Jung. Sch\u00f6n. Krebs.<\/a><\/li>\n<\/ul>\n<p>&nbsp;<\/p>\n","protected":false},"excerpt":{"rendered":"<p>Hier m\u00f6chte ich interessante Links zur Verf\u00fcgung stellen. Beispielsweise die Links der Brosch\u00fcren \u00fcber Leuk\u00e4mie. \u00dcber Anregungen anderer interessanter Seiten und Links w\u00fcrde ich mich freuen. Links der Info-Brosch\u00fcren W\u00f6rterbuch AML-Brosch\u00fcre ALL-Broschre \u00a0Link zum Kompetenznetzwerk Leuk\u00e4mie Kompetenznetzwerk Leuk\u00e4mie Links zu interessanten B\u00fcchern Folgende Links habe ich nicht unbedingt selbst gelesen \ud83d\ude09 Jung. Sch\u00f6n. Krebs. &nbsp;<\/p>\n","protected":false},"author":1,"featured_media":0,"parent":0,"menu_order":0,"comment_status":"open","ping_status":"open","template":"","meta":{"footnotes":""},"class_list":["post-28","page","type-page","status-publish","hentry"],"_links":{"self":[{"href":"https:\/\/problogs.de\/Christinas_Blog\/index.php?rest_route=\/wp\/v2\/pages\/28","targetHints":{"allow":["GET"]}}],"collection":[{"href":"https:\/\/problogs.de\/Christinas_Blog\/index.php?rest_route=\/wp\/v2\/pages"}],"about":[{"href":"https:\/\/problogs.de\/Christinas_Blog\/index.php?rest_route=\/wp\/v2\/types\/page"}],"author":[{"embeddable":true,"href":"https:\/\/problogs.de\/Christinas_Blog\/index.php?rest_route=\/wp\/v2\/users\/1"}],"replies":[{"embeddable":true,"href":"https:\/\/problogs.de\/Christinas_Blog\/index.php?rest_route=%2Fwp%2Fv2%2Fcomments&post=28"}],"version-history":[{"count":9,"href":"https:\/\/problogs.de\/Christinas_Blog\/index.php?rest_route=\/wp\/v2\/pages\/28\/revisions"}],"predecessor-version":[{"id":142,"href":"https:\/\/problogs.de\/Christinas_Blog\/index.php?rest_route=\/wp\/v2\/pages\/28\/revisions\/142"}],"wp:attachment":[{"href":"https:\/\/problogs.de\/Christinas_Blog\/index.php?rest_route=%2Fwp%2Fv2%2Fmedia&parent=28"}],"curies":[{"name":"wp","href":"https:\/\/api.w.org\/{rel}","templated":true}]}}