{"id":21,"date":"2014-11-17T11:00:00","date_gmt":"2014-11-17T09:00:00","guid":{"rendered":"http:\/\/problogs.de\/Christinas_Blog\/?page_id=21"},"modified":"2014-11-23T14:41:41","modified_gmt":"2014-11-23T12:41:41","slug":"ueber-mich-und-diesen-blog","status":"publish","type":"page","link":"https:\/\/problogs.de\/Christinas_Blog\/?page_id=21","title":{"rendered":"\u00dcber mich und meinen Blog"},"content":{"rendered":"<p><span style=\"text-decoration: underline;\"><span style=\"color: #ff0000; text-decoration: underline;\">Warum einen Blog? Und warum erst jetzt?<\/span><\/span><\/p>\n<p>Ich habe mich von Anfang an dagegen entschieden mich bzgl. <a title=\"Wissenswertes \u00fcber Leuk\u00e4mie\" href=\"http:\/\/problogs.de\/Christinas_Blog\/?page_id=19\">meiner Erkrankung<\/a> und meines aktuellen Befindens auf Facebook zu \u00e4u\u00dfern und damit wirklich jedem mitzuteilen \/ aufzudr\u00e4ngen wie es mir geht. Das m\u00f6chte ich auch weiterhin nicht. Aber was ist mit einem Blog? Ich dachte ich w\u00fcsste ihn nicht zu f\u00fcllen und w\u00fcrde mit einem solchen eher nervig werden. Und so habe ich mich zun\u00e4chst auch dagegen entschieden.<\/p>\n<p>Mit der Zeit stelle ich allerdings fest, dass es Vielen sehr wichtig ist \u00fcber mein aktuelles Befinden Bescheid zu wissen und \u00fcber ein Update meinerseits h\u00e4ufig sehr dankbar sind. Die meisten wollen gerne wissen ob ich gerade Zuhause oder in der Klinik bin, wo und wie sie mich erreichen k\u00f6nnen. Sie wissen nicht wie es mir geht und was ich mir w\u00fcnschen w\u00fcrde. F\u00fchle ich mich schlecht oder so gut, dass ich gerne Besuch, Anrufe und Unterhaltung h\u00e4tte. Darf ich \u00fcberhaupt besucht werden, sind die Werte zu schlecht, bin ich in <a title=\"Wissenswertes \u00fcber Leuk\u00e4mie\" href=\"http:\/\/problogs.de\/Christinas_Blog\/?page_id=19\">Aplasie <\/a>etc.<\/p>\n<p>Bis heute, musste jeder einzeln nachfragen, viele schreiben mir diesbez\u00fcglich auch immer und immer wieder (was mich sehr freut), manche trauen sich aber auch nicht, w\u00fcrden vielleicht aber dennoch gerne wissen wie es mir geht und wie es bei mir gerade so aussieht.<\/p>\n<p>Vielleicht ist es also f\u00fcr alle leichter, wenn ihr hier nachlesen k\u00f6nnt, wie es mir geht, wo ich bin und das Neuste hier erfahren k\u00f6nnt.<\/p>\n<p>Ich habe etwas Angst, dass dadurch die pers\u00f6nlichen Nachrichten weniger werden. Ich w\u00fcnsche mir und hoffe, dass ihr mir dennoch weiterhin \u00fcber Whatsapp Nachrichten, Facebook-Nachrichten, etc. anschreibt und nach mir fragt. Ich freue mich weiterhin \u00fcber Anrufe, Besuche, Ablenkungen und Anregungen.<\/p>\n<p>Es ist ein Projekt, wir werden sehen was daraus wird \ud83d\ude09<\/p>\n","protected":false},"excerpt":{"rendered":"<p>Warum einen Blog? Und warum erst jetzt? Ich habe mich von Anfang an dagegen entschieden mich bzgl. meiner Erkrankung und meines aktuellen Befindens auf Facebook zu \u00e4u\u00dfern und damit wirklich jedem mitzuteilen \/ aufzudr\u00e4ngen wie es mir geht. Das m\u00f6chte ich auch weiterhin nicht. Aber was ist mit einem Blog? Ich dachte ich w\u00fcsste ihn &hellip; <a href=\"https:\/\/problogs.de\/Christinas_Blog\/?page_id=21\" class=\"more-link\"><span class=\"screen-reader-text\">\u00dcber mich und meinen Blog<\/span> weiterlesen <span class=\"meta-nav\">&rarr;<\/span><\/a><\/p>\n","protected":false},"author":1,"featured_media":0,"parent":0,"menu_order":0,"comment_status":"open","ping_status":"open","template":"","meta":{"footnotes":""},"class_list":["post-21","page","type-page","status-publish","hentry"],"_links":{"self":[{"href":"https:\/\/problogs.de\/Christinas_Blog\/index.php?rest_route=\/wp\/v2\/pages\/21","targetHints":{"allow":["GET"]}}],"collection":[{"href":"https:\/\/problogs.de\/Christinas_Blog\/index.php?rest_route=\/wp\/v2\/pages"}],"about":[{"href":"https:\/\/problogs.de\/Christinas_Blog\/index.php?rest_route=\/wp\/v2\/types\/page"}],"author":[{"embeddable":true,"href":"https:\/\/problogs.de\/Christinas_Blog\/index.php?rest_route=\/wp\/v2\/users\/1"}],"replies":[{"embeddable":true,"href":"https:\/\/problogs.de\/Christinas_Blog\/index.php?rest_route=%2Fwp%2Fv2%2Fcomments&post=21"}],"version-history":[{"count":3,"href":"https:\/\/problogs.de\/Christinas_Blog\/index.php?rest_route=\/wp\/v2\/pages\/21\/revisions"}],"predecessor-version":[{"id":130,"href":"https:\/\/problogs.de\/Christinas_Blog\/index.php?rest_route=\/wp\/v2\/pages\/21\/revisions\/130"}],"wp:attachment":[{"href":"https:\/\/problogs.de\/Christinas_Blog\/index.php?rest_route=%2Fwp%2Fv2%2Fmedia&parent=21"}],"curies":[{"name":"wp","href":"https:\/\/api.w.org\/{rel}","templated":true}]}}