{"id":19,"date":"2014-11-17T10:56:54","date_gmt":"2014-11-17T08:56:54","guid":{"rendered":"http:\/\/problogs.de\/Christinas_Blog\/?page_id=19"},"modified":"2014-11-23T14:46:27","modified_gmt":"2014-11-23T12:46:27","slug":"wissenswertes","status":"publish","type":"page","link":"https:\/\/problogs.de\/Christinas_Blog\/?page_id=19","title":{"rendered":"Wissenswertes \u00fcber Leuk\u00e4mie"},"content":{"rendered":"<p>Ich wei\u00df, dass so manch einer nach meiner Krebs-Diagnose das Internet angeschmissen hat um sich \u00fcber meine Erkrankung, deren Behandlung und Prognose zu informieren \u2013 verst\u00e4ndlich.<\/p>\n<p>Viele sind dabei nat\u00fcrlich, wie das mit dem Internet so ist, von Informationen \u00fcbersch\u00fcttet worden, von denen die meisten gar nicht auf meine Erkrankung zutrafen oder g\u00e4nzlich falsch waren, was sicherlich die Angst und Unsicherheit zu Beginn meiner Diagnose noch verst\u00e4rkt haben wird.<\/p>\n<p>Es gibt einfach unglaublich viele Krebsformen. Und selbst, wenn man \u201enur\u201c nach \u201eLeuk\u00e4mie\u201c sucht, wird man auch dort von Informationen \u00fcbersch\u00fcttet. Leuk\u00e4mie ist nicht gleich Leuk\u00e4mie, auch dort gibt es verschiedene Formen, die sich alle anders \u00e4u\u00dfern, unterschiedlich behandelt werden und auch unterschiedliche Prognosen haben.<\/p>\n<h3><span style=\"color: #000000;\">Meine Leuk\u00e4mieform: Die &#8222;Akute lymphatische Leuk\u00e4mie&#8220; (ALL)<\/span><\/h3>\n<p>Ich habe die &#8222;Akute lymphatische Leuk\u00e4mie&#8220; (ALL) (untertyp CALL). Am h\u00e4ufigsten Tritt diese Leuk\u00e4mie bei Kindern auf, kann aber auch im Erwachsenenalter auftreten, wie jetzt bei mir. In der nachfolgenden Brosch\u00fcre findet ihr alles sehr \u00fcbersichtlich beschrieben, was ihr wissen m\u00fcsst, wenn ihr euch f\u00fcr Entstehung, Behandlung und Prognose meiner Leuk\u00e4mie interessiert. Die Brosch\u00fcre stammt aus dem Komptenznetzwerk Leuk\u00e4mie und es handelt sich um wissenschaftlich fundierte Literatur.<\/p>\n<p><a href=\"http:\/\/problogs.de\/Christinas_Blog\/wp-content\/uploads\/2014\/11\/ALL-Broschre.pdf\">ALL-Brosch\u00fcre<\/a><\/p>\n<h3><span style=\"color: #000000;\">&#8222;Akute Myeloische Leuk\u00e4mie&#8220; (AML)<\/span><\/h3>\n<p>Eine andere akute Leuk\u00e4mieform ist die &#8222;Akute Myeloische Leuk\u00e4mie&#8220; (AML), \u00fcber die es ebenfalls wissenschaftlich fundierte Literatur in Form von einer Brosch\u00fcre gibt.<\/p>\n<p><a href=\"http:\/\/problogs.de\/Christinas_Blog\/wp-content\/uploads\/2014\/11\/AML_Broschuere.pdf\">AML-Brosch\u00fcre<\/a><\/p>\n<h3><span style=\"color: #000000;\">Chronische Leuk\u00e4mieformen<\/span><\/h3>\n<p>Es gibt auch noch chronischen Leuk\u00e4mieformen, die sich dann aber auch wieder ganz anders \u00e4u\u00dfern in Symptomen, Behandlung und Prognose.<\/p>\n<h3><span style=\"color: #000000;\">W\u00f6rterbuch<\/span><\/h3>\n<p>Hier eine Brosch\u00fcre der deutschen Leuk\u00e4mie- und Lymphom- Hilfe Stiftung. Es handelt sich einfach um ein tolles Nachschlagewerk, wenn man mal mit den medizinischen Begrifflichkeiten nicht weiter kommt.<\/p>\n<p><a href=\"http:\/\/problogs.de\/Christinas_Blog\/wp-content\/uploads\/2014\/11\/DLH_335_Woerterbuch.pdf\">W\u00f6rterbuch<\/a><\/p>\n<p>&nbsp;<\/p>\n","protected":false},"excerpt":{"rendered":"<p>Ich wei\u00df, dass so manch einer nach meiner Krebs-Diagnose das Internet angeschmissen hat um sich \u00fcber meine Erkrankung, deren Behandlung und Prognose zu informieren \u2013 verst\u00e4ndlich. Viele sind dabei nat\u00fcrlich, wie das mit dem Internet so ist, von Informationen \u00fcbersch\u00fcttet worden, von denen die meisten gar nicht auf meine Erkrankung zutrafen oder g\u00e4nzlich falsch waren, &hellip; <a href=\"https:\/\/problogs.de\/Christinas_Blog\/?page_id=19\" class=\"more-link\"><span class=\"screen-reader-text\">Wissenswertes \u00fcber Leuk\u00e4mie<\/span> weiterlesen <span class=\"meta-nav\">&rarr;<\/span><\/a><\/p>\n","protected":false},"author":1,"featured_media":0,"parent":0,"menu_order":0,"comment_status":"open","ping_status":"open","template":"","meta":{"footnotes":""},"class_list":["post-19","page","type-page","status-publish","hentry"],"_links":{"self":[{"href":"https:\/\/problogs.de\/Christinas_Blog\/index.php?rest_route=\/wp\/v2\/pages\/19","targetHints":{"allow":["GET"]}}],"collection":[{"href":"https:\/\/problogs.de\/Christinas_Blog\/index.php?rest_route=\/wp\/v2\/pages"}],"about":[{"href":"https:\/\/problogs.de\/Christinas_Blog\/index.php?rest_route=\/wp\/v2\/types\/page"}],"author":[{"embeddable":true,"href":"https:\/\/problogs.de\/Christinas_Blog\/index.php?rest_route=\/wp\/v2\/users\/1"}],"replies":[{"embeddable":true,"href":"https:\/\/problogs.de\/Christinas_Blog\/index.php?rest_route=%2Fwp%2Fv2%2Fcomments&post=19"}],"version-history":[{"count":12,"href":"https:\/\/problogs.de\/Christinas_Blog\/index.php?rest_route=\/wp\/v2\/pages\/19\/revisions"}],"predecessor-version":[{"id":134,"href":"https:\/\/problogs.de\/Christinas_Blog\/index.php?rest_route=\/wp\/v2\/pages\/19\/revisions\/134"}],"wp:attachment":[{"href":"https:\/\/problogs.de\/Christinas_Blog\/index.php?rest_route=%2Fwp%2Fv2%2Fmedia&parent=19"}],"curies":[{"name":"wp","href":"https:\/\/api.w.org\/{rel}","templated":true}]}}