{"id":115,"date":"2014-11-22T15:26:29","date_gmt":"2014-11-22T13:26:29","guid":{"rendered":"http:\/\/problogs.de\/Christinas_Blog\/?page_id=115"},"modified":"2014-11-23T14:50:14","modified_gmt":"2014-11-23T12:50:14","slug":"aplasie","status":"publish","type":"page","link":"https:\/\/problogs.de\/Christinas_Blog\/?page_id=115","title":{"rendered":"Aplasie"},"content":{"rendered":"<h3><span style=\"color: #000000;\">Was ist denn eigentlich diese Aplasie?<\/span><\/h3>\n<p><span style=\"color: #000000;\">Ich rede st\u00e4ndig davon, dass ich mich in der Aplasiephase befinde und dann besonders vorsichtig sein muss. Den meisten ist aber weiterhin ein gro\u00dfes R\u00e4tsel wovon ich \u00fcberhaupt spreche, m\u00f6chte ich euch ein wenig dar\u00fcber aufkl\u00e4ren. <\/span><\/p>\n<h4>Wovon redet sie da eigentlich immer?<\/h4>\n<p>Aplasie ist ein Zustand des funktionsunf\u00e4higen Knochenmarks, das keine Blutzellen produzieren kann. (<em>Quelle: Kleines W\u00f6rterbuch f\u00fcr Leuk\u00e4mie- und Lymphompatienten)<\/em><\/p>\n<p>Durch die Chemotherapie und auch durch die Bestrahlung wird das Knochenmark von Leuk\u00e4miepatienten gesch\u00e4digt. Dies ist auch so gewollt, da sich dort die kranken Leuk\u00e4miezellen befinden, die durch die Chemotherapie abget\u00f6tet werden sollen. Dabei werden nur leider auch die gesunden Zellen zerst\u00f6rt, wodurch das Knochenmark gesch\u00e4digt wird und sich daraufhin die Blutwerte verschlechtern.<\/p>\n<p>So kann es im Blut zu einem Mangel an wei\u00dfen Blutk\u00f6rperchen (Leukozyten) kommen. Wenn ich weniger als 1.000 Leukozyten habe (normal sind zwischen 4000 und 10.000 Leukozyten), dann spreche ich davon, dass ich mich in \u201eAplasie\u201c befinde. Die Leukozyten bilden die k\u00f6rpereigene Immunabwehr, welche in der Aplasiephase aufgrund der sehr geringen Leukozyten Anzahl stark reduziert ist. Mein Immunsystem ist dann also sehr geschw\u00e4cht. Daher bin ich in dieser Zeit sehr infektanf\u00e4llig und muss mich besonders sch\u00fctzen. Das ist die Zeit in der ich einen Mundschutz tragen muss und ihr mich nur mit Mundschutz und Kittel besuchen kommen d\u00fcrft. Ich sollte mich vor gro\u00dfen Menschenmengen sch\u00fctzen und muss mich dringend von kranken und ansteckenden Menschen fernhalten. Auch meine Ern\u00e4hrung muss in dieser Zeit auf eine \u201ekeimfreie Ern\u00e4hrung\u201c umgestellt werden. So darf ich nur Obst und Gem\u00fcse essen, das gekocht oder eingekocht ist, nichts frisches, kein Salat, keine Vollkornprodukte, N\u00fcsse oder K\u00f6rnerprodukte, ebenso nur hocherhitze Milchprodukte.<\/p>\n<p>Die Aplasie bzw. wenn die Chemotherapie das Knochenmark zerst\u00f6rt, geht dies meist auch einher mit dem Abfall anderer Blutwerte wie beispielsweise der roten Blutk\u00f6rperchen (Blutan\u00e4mie) und Blutpl\u00e4ttchen (Mangel an Thrombozyten). So kann es zur Blutarmut (An\u00e4mie) kommen. Dann spreche ich immer davon, dass ich einen zu niedrigen HB-Wert habe und total schlapp bin.\u00a0 Mangel an Blutpl\u00e4ttchen (Thrombozytopenie) auftreten. Hier spreche ich dann oft davon, dass ich eine erh\u00f6hte Blutungsneigung habe und mich deshalb vor Verletzungen gut sch\u00fctzen muss. Diesen beiden M\u00e4ngeln an roten Blutk\u00f6rperchen und Blutpl\u00e4ttchen kann man mit der Gabe von Blutprodukten (Transfusion von Erythrozyten- und Thrombozytenkonzentraten) entgegenwirken.<\/p>\n","protected":false},"excerpt":{"rendered":"<p>Was ist denn eigentlich diese Aplasie? Ich rede st\u00e4ndig davon, dass ich mich in der Aplasiephase befinde und dann besonders vorsichtig sein muss. Den meisten ist aber weiterhin ein gro\u00dfes R\u00e4tsel wovon ich \u00fcberhaupt spreche, m\u00f6chte ich euch ein wenig dar\u00fcber aufkl\u00e4ren. Wovon redet sie da eigentlich immer? Aplasie ist ein Zustand des funktionsunf\u00e4higen Knochenmarks, &hellip; <a href=\"https:\/\/problogs.de\/Christinas_Blog\/?page_id=115\" class=\"more-link\"><span class=\"screen-reader-text\">Aplasie<\/span> weiterlesen <span class=\"meta-nav\">&rarr;<\/span><\/a><\/p>\n","protected":false},"author":1,"featured_media":0,"parent":0,"menu_order":0,"comment_status":"open","ping_status":"open","template":"","meta":{"footnotes":""},"class_list":["post-115","page","type-page","status-publish","hentry"],"_links":{"self":[{"href":"https:\/\/problogs.de\/Christinas_Blog\/index.php?rest_route=\/wp\/v2\/pages\/115","targetHints":{"allow":["GET"]}}],"collection":[{"href":"https:\/\/problogs.de\/Christinas_Blog\/index.php?rest_route=\/wp\/v2\/pages"}],"about":[{"href":"https:\/\/problogs.de\/Christinas_Blog\/index.php?rest_route=\/wp\/v2\/types\/page"}],"author":[{"embeddable":true,"href":"https:\/\/problogs.de\/Christinas_Blog\/index.php?rest_route=\/wp\/v2\/users\/1"}],"replies":[{"embeddable":true,"href":"https:\/\/problogs.de\/Christinas_Blog\/index.php?rest_route=%2Fwp%2Fv2%2Fcomments&post=115"}],"version-history":[{"count":5,"href":"https:\/\/problogs.de\/Christinas_Blog\/index.php?rest_route=\/wp\/v2\/pages\/115\/revisions"}],"predecessor-version":[{"id":136,"href":"https:\/\/problogs.de\/Christinas_Blog\/index.php?rest_route=\/wp\/v2\/pages\/115\/revisions\/136"}],"wp:attachment":[{"href":"https:\/\/problogs.de\/Christinas_Blog\/index.php?rest_route=%2Fwp%2Fv2%2Fmedia&parent=115"}],"curies":[{"name":"wp","href":"https:\/\/api.w.org\/{rel}","templated":true}]}}